{"id":1431,"date":"2020-03-04T16:11:00","date_gmt":"2020-03-04T16:11:00","guid":{"rendered":"http:\/\/sutanovac.com\/?page_id=1431"},"modified":"2020-05-19T15:23:43","modified_gmt":"2020-05-19T15:23:43","slug":"more-vacation-less-about-covid-19","status":"publish","type":"page","link":"https:\/\/villa-chiara-opatija.com\/en\/more-vacation-less-about-covid-19\/","title":{"rendered":"More vacation, less about Covid-19"},"content":{"rendered":"<div id=\"pl-1431\"  class=\"panel-layout\" ><div id=\"pg-1431-0\"  class=\"panel-grid panel-has-style\" ><div class=\"siteorigin-panels-stretch panel-row-style-full-width panel-row-style panel-row-style-for-1431-0\" data-stretch-type=\"full\" ><div id=\"pgc-1431-0-0\"  class=\"panel-grid-cell\" ><div id=\"panel-1431-0-0-0\" class=\"so-panel widget widget_sow-editor panel-first-child panel-last-child\" data-index=\"0\" ><div\n\t\t\t\n\t\t\tclass=\"so-widget-sow-editor so-widget-sow-editor-base\"\n\t\t\t\n\t\t>\n<div class=\"siteorigin-widget-tinymce textwidget\">\n\t<p>&nbsp;<\/p>\n<h1 style=\"text-align: center;\"><span style=\"color: #ffffff;\">More vacation, less about Covid-19<\/span><\/h1>\n<\/div>\n<\/div><\/div><\/div><\/div><\/div><div id=\"pg-1431-1\"  class=\"panel-grid panel-no-style\" ><div id=\"pgc-1431-1-0\"  class=\"panel-grid-cell panel-grid-cell-mobile-last\" ><div id=\"panel-1431-1-0-0\" class=\"widget_text so-panel widget widget_custom_html panel-first-child panel-last-child\" data-index=\"1\" ><div class=\"textwidget custom-html-widget\"><\/div><\/div><\/div><div id=\"pgc-1431-1-1\"  class=\"panel-grid-cell panel-grid-cell-empty\" ><\/div><\/div><div id=\"pg-1431-2\"  class=\"panel-grid panel-no-style\" ><div id=\"pgc-1431-2-0\"  class=\"panel-grid-cell\" ><div id=\"panel-1431-2-0-0\" class=\"so-panel widget widget_sow-editor panel-first-child panel-last-child\" data-index=\"2\" ><div\n\t\t\t\n\t\t\tclass=\"so-widget-sow-editor so-widget-sow-editor-base\"\n\t\t\t\n\t\t>\n<div class=\"siteorigin-widget-tinymce textwidget\">\n\t<p>Liebe G\u00e4ste! Nach zwei Monaten Ungewissheit, freuen wir uns sehr, Ihnen mitteilen zu k\u00f6nnen, dass sich die kroatischen Grenzen ab dem 11. Mai 2020 langsam \u00f6ffnen. Dies erm\u00f6glicht es uns als Ihr Gastgeber, ab dem 25.05.2020 Unterkunftsdienste anzubieten. Daher fokussieren wir uns und bem\u00fchen zur Zeit, uns an die Standards und Vorschriften f\u00fcr Sicherheit und Pr\u00e4vention anzupassen, damit Sie als unsere G\u00e4ste unser Zuhause an der Riviera Opatija ohne Sorgen genie\u00dfen k\u00f6nnen.<\/p>\n<p>F\u00fcr Anfragen oder Buchungen kontaktieren Sie uns via e-mail: jasminka@villa-chiara-opatija.com<\/p>\n<\/div>\n<\/div><\/div><\/div><\/div><div id=\"pg-1431-3\"  class=\"panel-grid panel-has-style\" ><div class=\"siteorigin-panels-stretch panel-row-style-full-width panel-row-style panel-row-style-for-1431-3\" style=\"background-color: #f2f2f2; \" data-stretch-type=\"full\" ><div id=\"pgc-1431-3-0\"  class=\"panel-grid-cell panel-grid-cell-mobile-last\" ><div id=\"panel-1431-3-0-0\" class=\"so-panel widget widget_sow-editor panel-first-child\" data-index=\"3\" ><div class=\"panel-widget-style panel-widget-style-for-1431-3-0-0\" ><div\n\t\t\t\n\t\t\tclass=\"so-widget-sow-editor so-widget-sow-editor-base\"\n\t\t\t\n\t\t>\n<div class=\"siteorigin-widget-tinymce textwidget\">\n\t<h3>CONTACT US<\/h3>\n<\/div>\n<\/div><\/div><\/div><div id=\"panel-1431-3-0-1\" class=\"so-panel widget widget_ninja_forms_widget panel-last-child\" data-index=\"4\" ><noscript class=\"ninja-forms-noscript-message\">\n\tNotice: JavaScript is required for this content.<\/noscript>\nThis form is currently undergoing maintenance. Please try again later.<\/div><\/div><div id=\"pgc-1431-3-1\"  class=\"panel-grid-cell panel-grid-cell-empty\" ><\/div><\/div><\/div><\/div>","protected":false},"excerpt":{"rendered":"<p>&nbsp; More vacation, less about Covid-19<\/p>\n","protected":false},"author":2,"featured_media":0,"parent":0,"menu_order":0,"comment_status":"closed","ping_status":"closed","template":"","meta":[],"yoast_head":"<!-- This site is optimized with the Yoast SEO plugin v20.10 - https:\/\/yoast.com\/wordpress\/plugins\/seo\/ -->\n<title>More vacation, less about Covid-19 - Villa Chiara<\/title>\n<meta name=\"robots\" content=\"index, follow, max-snippet:-1, max-image-preview:large, max-video-preview:-1\" \/>\n<link rel=\"canonical\" href=\"https:\/\/villa-chiara-opatija.com\/more-vacation-less-about-covid-19\/\" \/>\n<meta property=\"og:locale\" content=\"en_US\" \/>\n<meta property=\"og:type\" content=\"article\" \/>\n<meta property=\"og:title\" content=\"More vacation, less about Covid-19 - Villa Chiara\" \/>\n<meta property=\"og:description\" content=\"&nbsp; More vacation, less about Covid-19\" \/>\n<meta property=\"og:url\" content=\"https:\/\/villa-chiara-opatija.com\/more-vacation-less-about-covid-19\/\" \/>\n<meta property=\"og:site_name\" content=\"Villa Chiara\" \/>\n<meta property=\"article:modified_time\" content=\"2020-05-19T15:23:43+00:00\" \/>\n<meta name=\"twitter:card\" content=\"summary_large_image\" \/>\n<meta name=\"twitter:label1\" content=\"Est. reading time\" \/>\n\t<meta name=\"twitter:data1\" content=\"2 minutes\" \/>\n<script type=\"application\/ld+json\" class=\"yoast-schema-graph\">{\"@context\":\"https:\/\/schema.org\",\"@graph\":[{\"@type\":\"WebPage\",\"@id\":\"https:\/\/villa-chiara-opatija.com\/more-vacation-less-about-covid-19\/\",\"url\":\"https:\/\/villa-chiara-opatija.com\/more-vacation-less-about-covid-19\/\",\"name\":\"More vacation, less about Covid-19 - Villa Chiara\",\"isPartOf\":{\"@id\":\"https:\/\/villa-chiara-opatija.com\/#website\"},\"datePublished\":\"2020-03-04T16:11:00+00:00\",\"dateModified\":\"2020-05-19T15:23:43+00:00\",\"breadcrumb\":{\"@id\":\"https:\/\/villa-chiara-opatija.com\/more-vacation-less-about-covid-19\/#breadcrumb\"},\"inLanguage\":\"en-US\",\"potentialAction\":[{\"@type\":\"ReadAction\",\"target\":[\"https:\/\/villa-chiara-opatija.com\/more-vacation-less-about-covid-19\/\"]}]},{\"@type\":\"BreadcrumbList\",\"@id\":\"https:\/\/villa-chiara-opatija.com\/more-vacation-less-about-covid-19\/#breadcrumb\",\"itemListElement\":[{\"@type\":\"ListItem\",\"position\":1,\"name\":\"Home\",\"item\":\"https:\/\/villa-chiara-opatija.com\/\"},{\"@type\":\"ListItem\",\"position\":2,\"name\":\"Vi\u0161e odmora, manje koronavirusa\"}]},{\"@type\":\"WebSite\",\"@id\":\"https:\/\/villa-chiara-opatija.com\/#website\",\"url\":\"https:\/\/villa-chiara-opatija.com\/\",\"name\":\"Villa Chiara\",\"description\":\"Apartments with swimming pool - Opatija\",\"potentialAction\":[{\"@type\":\"SearchAction\",\"target\":{\"@type\":\"EntryPoint\",\"urlTemplate\":\"https:\/\/villa-chiara-opatija.com\/?s={search_term_string}\"},\"query-input\":\"required name=search_term_string\"}],\"inLanguage\":\"en-US\"}]}<\/script>\n<!-- \/ Yoast SEO plugin. -->","yoast_head_json":{"title":"More vacation, less about Covid-19 - Villa Chiara","robots":{"index":"index","follow":"follow","max-snippet":"max-snippet:-1","max-image-preview":"max-image-preview:large","max-video-preview":"max-video-preview:-1"},"canonical":"https:\/\/villa-chiara-opatija.com\/more-vacation-less-about-covid-19\/","og_locale":"en_US","og_type":"article","og_title":"More vacation, less about Covid-19 - Villa Chiara","og_description":"&nbsp; More vacation, less about Covid-19","og_url":"https:\/\/villa-chiara-opatija.com\/more-vacation-less-about-covid-19\/","og_site_name":"Villa Chiara","article_modified_time":"2020-05-19T15:23:43+00:00","twitter_card":"summary_large_image","twitter_misc":{"Est. reading time":"2 minutes"},"schema":{"@context":"https:\/\/schema.org","@graph":[{"@type":"WebPage","@id":"https:\/\/villa-chiara-opatija.com\/more-vacation-less-about-covid-19\/","url":"https:\/\/villa-chiara-opatija.com\/more-vacation-less-about-covid-19\/","name":"More vacation, less about Covid-19 - Villa Chiara","isPartOf":{"@id":"https:\/\/villa-chiara-opatija.com\/#website"},"datePublished":"2020-03-04T16:11:00+00:00","dateModified":"2020-05-19T15:23:43+00:00","breadcrumb":{"@id":"https:\/\/villa-chiara-opatija.com\/more-vacation-less-about-covid-19\/#breadcrumb"},"inLanguage":"en-US","potentialAction":[{"@type":"ReadAction","target":["https:\/\/villa-chiara-opatija.com\/more-vacation-less-about-covid-19\/"]}]},{"@type":"BreadcrumbList","@id":"https:\/\/villa-chiara-opatija.com\/more-vacation-less-about-covid-19\/#breadcrumb","itemListElement":[{"@type":"ListItem","position":1,"name":"Home","item":"https:\/\/villa-chiara-opatija.com\/"},{"@type":"ListItem","position":2,"name":"Vi\u0161e odmora, manje koronavirusa"}]},{"@type":"WebSite","@id":"https:\/\/villa-chiara-opatija.com\/#website","url":"https:\/\/villa-chiara-opatija.com\/","name":"Villa Chiara","description":"Apartments with swimming pool - Opatija","potentialAction":[{"@type":"SearchAction","target":{"@type":"EntryPoint","urlTemplate":"https:\/\/villa-chiara-opatija.com\/?s={search_term_string}"},"query-input":"required name=search_term_string"}],"inLanguage":"en-US"}]}},"_links":{"self":[{"href":"https:\/\/villa-chiara-opatija.com\/en\/wp-json\/wp\/v2\/pages\/1431"}],"collection":[{"href":"https:\/\/villa-chiara-opatija.com\/en\/wp-json\/wp\/v2\/pages"}],"about":[{"href":"https:\/\/villa-chiara-opatija.com\/en\/wp-json\/wp\/v2\/types\/page"}],"author":[{"embeddable":true,"href":"https:\/\/villa-chiara-opatija.com\/en\/wp-json\/wp\/v2\/users\/2"}],"replies":[{"embeddable":true,"href":"https:\/\/villa-chiara-opatija.com\/en\/wp-json\/wp\/v2\/comments?post=1431"}],"version-history":[{"count":5,"href":"https:\/\/villa-chiara-opatija.com\/en\/wp-json\/wp\/v2\/pages\/1431\/revisions"}],"predecessor-version":[{"id":1661,"href":"https:\/\/villa-chiara-opatija.com\/en\/wp-json\/wp\/v2\/pages\/1431\/revisions\/1661"}],"wp:attachment":[{"href":"https:\/\/villa-chiara-opatija.com\/en\/wp-json\/wp\/v2\/media?parent=1431"}],"curies":[{"name":"wp","href":"https:\/\/api.w.org\/{rel}","templated":true}]}}