{"id":491,"date":"2017-12-05T14:51:21","date_gmt":"2017-12-05T14:51:21","guid":{"rendered":"http:\/\/sutanovac.com\/?page_id=491"},"modified":"2020-05-19T15:11:12","modified_gmt":"2020-05-19T15:11:12","slug":"o-nama","status":"publish","type":"page","link":"https:\/\/villa-chiara-opatija.com\/de\/o-nama\/","title":{"rendered":"\u00dcber uns"},"content":{"rendered":"<div id=\"pl-491\"  class=\"panel-layout\" ><div id=\"pg-491-0\"  class=\"panel-grid panel-has-style\" ><div class=\"siteorigin-panels-stretch panel-row-style-full-width panel-row-style panel-row-style-for-491-0\" style=\"background-color: #ffffff; \" data-stretch-type=\"full\" ><div id=\"pgc-491-0-0\"  class=\"panel-grid-cell\" ><div id=\"panel-491-0-0-0\" class=\"so-panel widget widget_sow-editor panel-first-child panel-last-child\" data-index=\"0\" ><div\n\t\t\t\n\t\t\tclass=\"so-widget-sow-editor so-widget-sow-editor-base\"\n\t\t\t\n\t\t>\n<div class=\"siteorigin-widget-tinymce textwidget\">\n\t<h1 style=\"text-align: center;\"><span style=\"color: #ffffff;\">\u00dcber uns<\/span><\/h1>\n<\/div>\n<\/div><\/div><\/div><\/div><\/div><div id=\"pg-491-1\"  class=\"panel-grid panel-no-style\" ><div id=\"pgc-491-1-0\"  class=\"panel-grid-cell\" ><div id=\"panel-491-1-0-0\" class=\"so-panel widget widget_sow-editor panel-first-child panel-last-child\" data-index=\"1\" ><div class=\"panel-widget-style panel-widget-style-for-491-1-0-0\" ><div\n\t\t\t\n\t\t\tclass=\"so-widget-sow-editor so-widget-sow-editor-base\"\n\t\t\t\n\t\t>\n<div class=\"siteorigin-widget-tinymce textwidget\">\n\t<h1 style=\"text-align: center;\">Famillienunterkunft\u00a0 in\u00a0 sch\u00f6nem Kvarner<\/h1>\n<\/div>\n<\/div><\/div><\/div><\/div><\/div><div id=\"pg-491-2\"  class=\"panel-grid panel-has-style\" ><div class=\"siteorigin-panels-stretch panel-row-style-full-width panel-row-style panel-row-style-for-491-2\" style=\"background-color: #ffffff; \" data-stretch-type=\"full\" ><div id=\"pgc-491-2-0\"  class=\"panel-grid-cell\" ><div id=\"panel-491-2-0-0\" class=\"so-panel widget widget_sow-hero panel-first-child\" data-index=\"2\" ><div class=\"panel-widget-style panel-widget-style-for-491-2-0-0\" ><div\n\t\t\t\n\t\t\tclass=\"so-widget-sow-hero so-widget-sow-hero-default-92f276ccf443-491\"\n\t\t\t\n\t\t>\t\t\t\t<div class=\"sow-slider-base\" style=\"display: none\" tabindex=\"0\">\n\t\t\t\t\t<ul\n\t\t\t\t\tclass=\"sow-slider-images\"\n\t\t\t\t\tdata-settings=\"{&quot;pagination&quot;:true,&quot;speed&quot;:800,&quot;timeout&quot;:8000,&quot;paused&quot;:false,&quot;pause_on_hover&quot;:false,&quot;swipe&quot;:false,&quot;nav_always_show_desktop&quot;:&quot;&quot;,&quot;nav_always_show_mobile&quot;:&quot;&quot;,&quot;breakpoint&quot;:&quot;780px&quot;,&quot;unmute&quot;:false,&quot;anchor&quot;:null}\"\n\t\t\t\t\t\t\t\t\t\tdata-anchor-id=\"\"\n\t\t\t\t>\t\t<li class=\"sow-slider-image  sow-slider-image-cover\" style=\"visibility: visible;;background-color: #333333\" >\n\t\t\t\t\t<div class=\"sow-slider-image-container\">\n\t\t\t<div class=\"sow-slider-image-wrapper\">\n\t\t\t\t<h1 style=\"text-align: center\">\u00a0Familli\u00e4re \u00a0Atmosph\u00e4re<\/strong><\/h1>\t\t\t<\/div>\n\t\t<\/div>\n\t\t<div class=\"sow-slider-image-overlay sow-slider-image-cover\" style=\"opacity: 0.5;background-image: url(https:\/\/villa-chiara-opatija.com\/wp-content\/uploads\/2017\/12\/about-villa-chiara-sutanovac.jpg)\"  ><\/div>\t\t<\/li>\n\t\t<\/ul>\t\t\t\t<ol class=\"sow-slider-pagination\">\n\t\t\t\t\t\t\t\t\t\t\t<li><a href=\"#\" data-goto=\"0\" aria-label=\"Display slide 1\"><\/a><\/li>\n\t\t\t\t\t\t\t\t\t<\/ol>\n\n\t\t\t\t<div class=\"sow-slide-nav sow-slide-nav-next\">\n\t\t\t\t\t<a href=\"#\" data-goto=\"next\" aria-label=\"Next slide\" data-action=\"next\">\n\t\t\t\t\t\t<em class=\"sow-sld-icon-thin-right\"><\/em>\n\t\t\t\t\t<\/a>\n\t\t\t\t<\/div>\n\n\t\t\t\t<div class=\"sow-slide-nav sow-slide-nav-prev\">\n\t\t\t\t\t<a href=\"#\" data-goto=\"previous\" aria-label=\"Previous slide\" data-action=\"prev\">\n\t\t\t\t\t\t<em class=\"sow-sld-icon-thin-left\"><\/em>\n\t\t\t\t\t<\/a>\n\t\t\t\t<\/div>\n\t\t\t\t<\/div><\/div><\/div><\/div><div id=\"panel-491-2-0-1\" class=\"so-panel widget widget_sow-editor panel-last-child\" data-index=\"3\" ><div class=\"panel-widget-style panel-widget-style-for-491-2-0-1\" ><div\n\t\t\t\n\t\t\tclass=\"so-widget-sow-editor so-widget-sow-editor-base\"\n\t\t\t\n\t\t>\n<div class=\"siteorigin-widget-tinymce textwidget\">\n\t<p style=\"text-align: right;\">\u00a0Villa Chiara ist ein Famillienhaus\u00a0 in einem kleinen Dorf Icici, in einer ruhigen Lage am Stadtrand von Opatija, umgeben von Palmen und mediterraner Vegetation mit einem sch\u00f6nen Blick auf das Meer und die gesamte Kvarner Bucht.\u00a0 Ausser angenehmen Apartments\u00a0 bietet die Villa Chiara ihren G\u00e4sten einen immer sauberen und gepflegten Pool mit hochwertigen Liegest\u00fchlen und Sonnenschirmen, wo sie sich entspannen und die Sonne genie\u00dfen k\u00f6nnen.<\/p>\n<\/div>\n<\/div><\/div><\/div><\/div><div id=\"pgc-491-2-1\"  class=\"panel-grid-cell\" ><div id=\"panel-491-2-1-0\" class=\"so-panel widget widget_sow-hero panel-first-child\" data-index=\"4\" ><div class=\"panel-widget-style panel-widget-style-for-491-2-1-0\" ><div\n\t\t\t\n\t\t\tclass=\"so-widget-sow-hero so-widget-sow-hero-default-92f276ccf443-491\"\n\t\t\t\n\t\t>\t\t\t\t<div class=\"sow-slider-base\" style=\"display: none\" tabindex=\"0\">\n\t\t\t\t\t<ul\n\t\t\t\t\tclass=\"sow-slider-images\"\n\t\t\t\t\tdata-settings=\"{&quot;pagination&quot;:true,&quot;speed&quot;:800,&quot;timeout&quot;:8000,&quot;paused&quot;:false,&quot;pause_on_hover&quot;:false,&quot;swipe&quot;:false,&quot;nav_always_show_desktop&quot;:&quot;&quot;,&quot;nav_always_show_mobile&quot;:&quot;&quot;,&quot;breakpoint&quot;:&quot;780px&quot;,&quot;unmute&quot;:false,&quot;anchor&quot;:null}\"\n\t\t\t\t\t\t\t\t\t\tdata-anchor-id=\"\"\n\t\t\t\t>\t\t<li class=\"sow-slider-image  sow-slider-image-cover\" style=\"visibility: visible;;background-color: #333333\" >\n\t\t\t\t\t<div class=\"sow-slider-image-container\">\n\t\t\t<div class=\"sow-slider-image-wrapper\">\n\t\t\t\t<h1 style=\"text-align: center\">\u00a0Immer\u00a0 zu Ihren Diensten<\/strong><\/h1>\t\t\t<\/div>\n\t\t<\/div>\n\t\t<div class=\"sow-slider-image-overlay sow-slider-image-cover\" style=\"opacity: 0.5;background-image: url(https:\/\/villa-chiara-opatija.com\/wp-content\/uploads\/2017\/12\/IMG_2154.jpg)\"  ><\/div>\t\t<\/li>\n\t\t<\/ul>\t\t\t\t<ol class=\"sow-slider-pagination\">\n\t\t\t\t\t\t\t\t\t\t\t<li><a href=\"#\" data-goto=\"0\" aria-label=\"Display slide 1\"><\/a><\/li>\n\t\t\t\t\t\t\t\t\t<\/ol>\n\n\t\t\t\t<div class=\"sow-slide-nav sow-slide-nav-next\">\n\t\t\t\t\t<a href=\"#\" data-goto=\"next\" aria-label=\"Next slide\" data-action=\"next\">\n\t\t\t\t\t\t<em class=\"sow-sld-icon-thin-right\"><\/em>\n\t\t\t\t\t<\/a>\n\t\t\t\t<\/div>\n\n\t\t\t\t<div class=\"sow-slide-nav sow-slide-nav-prev\">\n\t\t\t\t\t<a href=\"#\" data-goto=\"previous\" aria-label=\"Previous slide\" data-action=\"prev\">\n\t\t\t\t\t\t<em class=\"sow-sld-icon-thin-left\"><\/em>\n\t\t\t\t\t<\/a>\n\t\t\t\t<\/div>\n\t\t\t\t<\/div><\/div><\/div><\/div><div id=\"panel-491-2-1-1\" class=\"so-panel widget widget_sow-editor panel-last-child\" data-index=\"5\" ><div class=\"panel-widget-style panel-widget-style-for-491-2-1-1\" ><div\n\t\t\t\n\t\t\tclass=\"so-widget-sow-editor so-widget-sow-editor-base\"\n\t\t\t\n\t\t>\n<div class=\"siteorigin-widget-tinymce textwidget\">\n\t<p style=\"text-align: justify;\">Ein grosser und ger\u00e4umiger\u00a0 Pavilion sowie ein Gartengrill stehen allen \u00a0unseren G\u00e4sten zur Verf\u00fcgung, wo sie selbst Mahlzeiten zubereiten k\u00f6nnen oder K\u00f6stlichkeiten \u00a0die von \u00a0immer freundlichen Gastgebern zubereitet werden. Villa Chiara ist ein idealer Ort f\u00fcr Familien mit Kindern oder Paare die auf der Suche nach Entspannung \u00a0sind.<\/p>\n<\/div>\n<\/div><\/div><\/div><\/div><div id=\"pgc-491-2-2\"  class=\"panel-grid-cell\" ><div id=\"panel-491-2-2-0\" class=\"so-panel widget widget_sow-hero panel-first-child\" data-index=\"6\" ><div class=\"panel-widget-style panel-widget-style-for-491-2-2-0\" ><div\n\t\t\t\n\t\t\tclass=\"so-widget-sow-hero so-widget-sow-hero-default-d54d7db06517-491\"\n\t\t\t\n\t\t>\t\t\t\t<div class=\"sow-slider-base\" style=\"display: none\" tabindex=\"0\">\n\t\t\t\t\t<ul\n\t\t\t\t\tclass=\"sow-slider-images\"\n\t\t\t\t\tdata-settings=\"{&quot;pagination&quot;:true,&quot;speed&quot;:800,&quot;timeout&quot;:8000,&quot;paused&quot;:false,&quot;pause_on_hover&quot;:false,&quot;swipe&quot;:false,&quot;nav_always_show_desktop&quot;:&quot;&quot;,&quot;nav_always_show_mobile&quot;:&quot;&quot;,&quot;breakpoint&quot;:&quot;780px&quot;,&quot;unmute&quot;:false,&quot;anchor&quot;:null}\"\n\t\t\t\t\t\t\t\t\t\tdata-anchor-id=\"\"\n\t\t\t\t>\t\t<li class=\"sow-slider-image  sow-slider-image-cover\" style=\"visibility: visible;;background-color: #333333\" >\n\t\t\t\t\t<div class=\"sow-slider-image-container\">\n\t\t\t<div class=\"sow-slider-image-wrapper\">\n\t\t\t\t<h1 style=\"text-align: center\"><a href=\"http:\/\/villa-chiara-opatija.com\/galerija\/\">Kontaktieren Sie uns \u00a0<\/strong><\/h1>\t\t\t<\/div>\n\t\t<\/div>\n\t\t<div class=\"sow-slider-image-overlay sow-slider-image-cover\" style=\"opacity: 0.49;background-image: url(https:\/\/villa-chiara-opatija.com\/wp-content\/uploads\/2017\/12\/family-sutanovac.jpg)\"  ><\/div>\t\t<\/li>\n\t\t<\/ul>\t\t\t\t<ol class=\"sow-slider-pagination\">\n\t\t\t\t\t\t\t\t\t\t\t<li><a href=\"#\" data-goto=\"0\" aria-label=\"Display slide 1\"><\/a><\/li>\n\t\t\t\t\t\t\t\t\t<\/ol>\n\n\t\t\t\t<div class=\"sow-slide-nav sow-slide-nav-next\">\n\t\t\t\t\t<a href=\"#\" data-goto=\"next\" aria-label=\"Next slide\" data-action=\"next\">\n\t\t\t\t\t\t<em class=\"sow-sld-icon-thin-right\"><\/em>\n\t\t\t\t\t<\/a>\n\t\t\t\t<\/div>\n\n\t\t\t\t<div class=\"sow-slide-nav sow-slide-nav-prev\">\n\t\t\t\t\t<a href=\"#\" data-goto=\"previous\" aria-label=\"Previous slide\" data-action=\"prev\">\n\t\t\t\t\t\t<em class=\"sow-sld-icon-thin-left\"><\/em>\n\t\t\t\t\t<\/a>\n\t\t\t\t<\/div>\n\t\t\t\t<\/div><\/div><\/div><\/div><div id=\"panel-491-2-2-1\" class=\"so-panel widget widget_sow-editor panel-last-child\" data-index=\"7\" ><div class=\"panel-widget-style panel-widget-style-for-491-2-2-1\" ><div\n\t\t\t\n\t\t\tclass=\"so-widget-sow-editor so-widget-sow-editor-base\"\n\t\t\t\n\t\t>\n<div class=\"siteorigin-widget-tinymce textwidget\">\n\t<p style=\"text-align: left;\">Ideale Unterkunft f\u00fcr Touristen, von wo aus Sie alle Sch\u00f6nheiten der Kvarner Bucht, der umliegenden Inseln, der Vielfalt Istriens und seines reichen historischen Erbes entdecken k\u00f6nnen. Machen Sie einen Tagesausflug und in nur einer Stunde erreichen Sie alle diese attraktiven Orte.<\/p>\n<\/div>\n<\/div><\/div><\/div><\/div><\/div><\/div><div id=\"pg-491-3\"  class=\"panel-grid panel-has-style\" ><div class=\"siteorigin-panels-stretch panel-row-style-full-width panel-row-style panel-row-style-for-491-3\" style=\"background-color: #f2f2f2; \" data-stretch-type=\"full\" ><div id=\"pgc-491-3-0\"  class=\"panel-grid-cell\" ><div id=\"panel-491-3-0-0\" class=\"so-panel widget widget_sow-editor panel-first-child panel-last-child\" data-index=\"8\" ><div class=\"panel-widget-style panel-widget-style-for-491-3-0-0\" ><div\n\t\t\t\n\t\t\tclass=\"so-widget-sow-editor so-widget-sow-editor-base\"\n\t\t\t\n\t\t>\n<div class=\"siteorigin-widget-tinymce textwidget\">\n\t<h1 style=\"text-align: center;\">Probieren Sie unsere Spezialit\u00e4ten<\/h1>\n<\/div>\n<\/div><\/div><\/div><\/div><\/div><\/div><div id=\"pg-491-4\"  class=\"panel-grid panel-has-style\" ><div class=\"siteorigin-panels-stretch panel-row-style-full-width panel-row-style panel-row-style-for-491-4\" style=\"background-color: #f2f2f2; \" data-stretch-type=\"full\" ><div id=\"pgc-491-4-0\"  class=\"panel-grid-cell\" ><div id=\"panel-491-4-0-0\" class=\"so-panel widget widget_sow-editor panel-first-child panel-last-child\" data-index=\"9\" ><div\n\t\t\t\n\t\t\tclass=\"so-widget-sow-editor so-widget-sow-editor-base\"\n\t\t\t\n\t\t>\n<div class=\"siteorigin-widget-tinymce textwidget\">\n\t<p><img decoding=\"async\" loading=\"lazy\" class=\"aligncenter wp-image-1312 size-full\" src=\"http:\/\/villa-chiara-opatija.com\/wp-content\/uploads\/2018\/06\/opatija-villa-barbecue-e1529339483547.jpg\" alt=\"opatija-villa-barbecue\" width=\"1280\" height=\"633\" srcset=\"https:\/\/villa-chiara-opatija.com\/wp-content\/uploads\/2018\/06\/opatija-villa-barbecue-e1529339483547.jpg 1280w, https:\/\/villa-chiara-opatija.com\/wp-content\/uploads\/2018\/06\/opatija-villa-barbecue-e1529339483547-300x148.jpg 300w, https:\/\/villa-chiara-opatija.com\/wp-content\/uploads\/2018\/06\/opatija-villa-barbecue-e1529339483547-768x380.jpg 768w, https:\/\/villa-chiara-opatija.com\/wp-content\/uploads\/2018\/06\/opatija-villa-barbecue-e1529339483547-1024x506.jpg 1024w\" sizes=\"(max-width: 1280px) 100vw, 1280px\" \/><\/p>\n<\/div>\n<\/div><\/div><\/div><\/div><\/div><div id=\"pg-491-5\"  class=\"panel-grid panel-has-style\" ><div class=\"siteorigin-panels-stretch panel-row-style-full-width panel-row-style panel-row-style-for-491-5\" style=\"background-color: #f2f2f2; \" data-stretch-type=\"full\" ><div id=\"pgc-491-5-0\"  class=\"panel-grid-cell\" ><div id=\"panel-491-5-0-0\" class=\"so-panel widget widget_sow-editor panel-first-child panel-last-child\" data-index=\"10\" ><div\n\t\t\t\n\t\t\tclass=\"so-widget-sow-editor so-widget-sow-editor-base\"\n\t\t\t\n\t\t>\n<div class=\"siteorigin-widget-tinymce textwidget\">\n\t<p><img decoding=\"async\" loading=\"lazy\" class=\"alignnone size-large wp-image-983\" src=\"http:\/\/villa-chiara-opatija.com\/wp-content\/uploads\/2017\/12\/fish-food-barbecue-apartment-1024x683.jpg\" alt=\"fish-food-barbecue-apartment\" width=\"720\" height=\"480\" srcset=\"https:\/\/villa-chiara-opatija.com\/wp-content\/uploads\/2017\/12\/fish-food-barbecue-apartment.jpg 1024w, https:\/\/villa-chiara-opatija.com\/wp-content\/uploads\/2017\/12\/fish-food-barbecue-apartment-300x200.jpg 300w, https:\/\/villa-chiara-opatija.com\/wp-content\/uploads\/2017\/12\/fish-food-barbecue-apartment-768x512.jpg 768w, https:\/\/villa-chiara-opatija.com\/wp-content\/uploads\/2017\/12\/fish-food-barbecue-apartment-272x182.jpg 272w\" sizes=\"(max-width: 720px) 100vw, 720px\" \/><\/p>\n<\/div>\n<\/div><\/div><\/div><div id=\"pgc-491-5-1\"  class=\"panel-grid-cell\" ><div id=\"panel-491-5-1-0\" class=\"so-panel widget widget_sow-editor panel-first-child panel-last-child\" data-index=\"11\" ><div\n\t\t\t\n\t\t\tclass=\"so-widget-sow-editor so-widget-sow-editor-base\"\n\t\t\t\n\t\t>\n<div class=\"siteorigin-widget-tinymce textwidget\">\n\t<p><img decoding=\"async\" loading=\"lazy\" class=\"alignnone size-large wp-image-989\" src=\"http:\/\/villa-chiara-opatija.com\/wp-content\/uploads\/2017\/12\/barbecue-apartment-villa-chiara-1024x683.jpg\" alt=\"\" width=\"720\" height=\"480\" srcset=\"https:\/\/villa-chiara-opatija.com\/wp-content\/uploads\/2017\/12\/barbecue-apartment-villa-chiara.jpg 1024w, https:\/\/villa-chiara-opatija.com\/wp-content\/uploads\/2017\/12\/barbecue-apartment-villa-chiara-300x200.jpg 300w, https:\/\/villa-chiara-opatija.com\/wp-content\/uploads\/2017\/12\/barbecue-apartment-villa-chiara-768x512.jpg 768w, https:\/\/villa-chiara-opatija.com\/wp-content\/uploads\/2017\/12\/barbecue-apartment-villa-chiara-272x182.jpg 272w\" sizes=\"(max-width: 720px) 100vw, 720px\" \/><\/p>\n<\/div>\n<\/div><\/div><\/div><div id=\"pgc-491-5-2\"  class=\"panel-grid-cell\" ><div id=\"panel-491-5-2-0\" class=\"so-panel widget widget_sow-editor panel-first-child panel-last-child\" data-index=\"12\" ><div\n\t\t\t\n\t\t\tclass=\"so-widget-sow-editor so-widget-sow-editor-base\"\n\t\t\t\n\t\t>\n<div class=\"siteorigin-widget-tinymce textwidget\">\n\t<p><img decoding=\"async\" loading=\"lazy\" class=\"alignnone size-full wp-image-1642\" src=\"https:\/\/villa-chiara-opatija.com\/wp-content\/uploads\/2020\/05\/apartments-icici-grilled-fish1.jpg\" alt=\"apartments-icici-grilled-fish1\" width=\"750\" height=\"481\" srcset=\"https:\/\/villa-chiara-opatija.com\/wp-content\/uploads\/2020\/05\/apartments-icici-grilled-fish1.jpg 750w, https:\/\/villa-chiara-opatija.com\/wp-content\/uploads\/2020\/05\/apartments-icici-grilled-fish1-300x192.jpg 300w\" sizes=\"(max-width: 750px) 100vw, 750px\" \/><\/p>\n<\/div>\n<\/div><\/div><\/div><\/div><\/div><div id=\"pg-491-6\"  class=\"panel-grid panel-has-style\" ><div class=\"panel-row-style panel-row-style-for-491-6\" ><div id=\"pgc-491-6-0\"  class=\"panel-grid-cell\" ><div id=\"panel-491-6-0-0\" class=\"so-panel widget widget_sow-editor panel-first-child panel-last-child\" data-index=\"13\" ><div\n\t\t\t\n\t\t\tclass=\"so-widget-sow-editor so-widget-sow-editor-base\"\n\t\t\t\n\t\t>\n<div class=\"siteorigin-widget-tinymce textwidget\">\n\t<\/div>\n<\/div><\/div><\/div><\/div><\/div><\/div>","protected":false},"excerpt":{"rendered":"<p>\u00dcber uns Famillienunterkunft\u00a0 in\u00a0 sch\u00f6nem Kvarner<\/p>\n","protected":false},"author":1,"featured_media":0,"parent":0,"menu_order":0,"comment_status":"closed","ping_status":"closed","template":"templates\/template-full-notitle.php","meta":[],"yoast_head":"<!-- This site is optimized with the Yoast SEO plugin v20.10 - https:\/\/yoast.com\/wordpress\/plugins\/seo\/ -->\n<title>\u00dcber uns - Villa Chiara<\/title>\n<meta name=\"robots\" content=\"index, follow, max-snippet:-1, max-image-preview:large, max-video-preview:-1\" \/>\n<link rel=\"canonical\" href=\"https:\/\/villa-chiara-opatija.com\/o-nama\/\" \/>\n<meta property=\"og:locale\" content=\"de_DE\" \/>\n<meta property=\"og:type\" content=\"article\" \/>\n<meta property=\"og:title\" content=\"\u00dcber uns - Villa Chiara\" \/>\n<meta property=\"og:description\" content=\"\u00dcber uns Famillienunterkunft\u00a0 in\u00a0 sch\u00f6nem Kvarner\" \/>\n<meta property=\"og:url\" content=\"https:\/\/villa-chiara-opatija.com\/o-nama\/\" \/>\n<meta property=\"og:site_name\" content=\"Villa Chiara\" \/>\n<meta property=\"article:modified_time\" content=\"2020-05-19T15:11:12+00:00\" \/>\n<meta property=\"og:image\" content=\"http:\/\/villa-chiara-opatija.com\/wp-content\/uploads\/2018\/06\/opatija-villa-barbecue-e1529339483547.jpg\" \/>\n<meta name=\"twitter:card\" content=\"summary_large_image\" \/>\n<meta name=\"twitter:label1\" content=\"Gesch\u00e4tzte Lesezeit\" \/>\n\t<meta name=\"twitter:data1\" content=\"3\u00a0Minuten\" \/>\n<script type=\"application\/ld+json\" class=\"yoast-schema-graph\">{\"@context\":\"https:\/\/schema.org\",\"@graph\":[{\"@type\":\"WebPage\",\"@id\":\"https:\/\/villa-chiara-opatija.com\/o-nama\/\",\"url\":\"https:\/\/villa-chiara-opatija.com\/o-nama\/\",\"name\":\"\u00dcber uns - Villa Chiara\",\"isPartOf\":{\"@id\":\"https:\/\/villa-chiara-opatija.com\/#website\"},\"datePublished\":\"2017-12-05T14:51:21+00:00\",\"dateModified\":\"2020-05-19T15:11:12+00:00\",\"breadcrumb\":{\"@id\":\"https:\/\/villa-chiara-opatija.com\/o-nama\/#breadcrumb\"},\"inLanguage\":\"de\",\"potentialAction\":[{\"@type\":\"ReadAction\",\"target\":[\"https:\/\/villa-chiara-opatija.com\/o-nama\/\"]}]},{\"@type\":\"BreadcrumbList\",\"@id\":\"https:\/\/villa-chiara-opatija.com\/o-nama\/#breadcrumb\",\"itemListElement\":[{\"@type\":\"ListItem\",\"position\":1,\"name\":\"Home\",\"item\":\"https:\/\/villa-chiara-opatija.com\/\"},{\"@type\":\"ListItem\",\"position\":2,\"name\":\"O nama\"}]},{\"@type\":\"WebSite\",\"@id\":\"https:\/\/villa-chiara-opatija.com\/#website\",\"url\":\"https:\/\/villa-chiara-opatija.com\/\",\"name\":\"Villa Chiara\",\"description\":\"Apartments with swimming pool - Opatija\",\"potentialAction\":[{\"@type\":\"SearchAction\",\"target\":{\"@type\":\"EntryPoint\",\"urlTemplate\":\"https:\/\/villa-chiara-opatija.com\/?s={search_term_string}\"},\"query-input\":\"required name=search_term_string\"}],\"inLanguage\":\"de\"}]}<\/script>\n<!-- \/ Yoast SEO plugin. -->","yoast_head_json":{"title":"\u00dcber uns - Villa Chiara","robots":{"index":"index","follow":"follow","max-snippet":"max-snippet:-1","max-image-preview":"max-image-preview:large","max-video-preview":"max-video-preview:-1"},"canonical":"https:\/\/villa-chiara-opatija.com\/o-nama\/","og_locale":"de_DE","og_type":"article","og_title":"\u00dcber uns - Villa Chiara","og_description":"\u00dcber uns Famillienunterkunft\u00a0 in\u00a0 sch\u00f6nem Kvarner","og_url":"https:\/\/villa-chiara-opatija.com\/o-nama\/","og_site_name":"Villa Chiara","article_modified_time":"2020-05-19T15:11:12+00:00","og_image":[{"url":"http:\/\/villa-chiara-opatija.com\/wp-content\/uploads\/2018\/06\/opatija-villa-barbecue-e1529339483547.jpg"}],"twitter_card":"summary_large_image","twitter_misc":{"Gesch\u00e4tzte Lesezeit":"3\u00a0Minuten"},"schema":{"@context":"https:\/\/schema.org","@graph":[{"@type":"WebPage","@id":"https:\/\/villa-chiara-opatija.com\/o-nama\/","url":"https:\/\/villa-chiara-opatija.com\/o-nama\/","name":"\u00dcber uns - Villa Chiara","isPartOf":{"@id":"https:\/\/villa-chiara-opatija.com\/#website"},"datePublished":"2017-12-05T14:51:21+00:00","dateModified":"2020-05-19T15:11:12+00:00","breadcrumb":{"@id":"https:\/\/villa-chiara-opatija.com\/o-nama\/#breadcrumb"},"inLanguage":"de","potentialAction":[{"@type":"ReadAction","target":["https:\/\/villa-chiara-opatija.com\/o-nama\/"]}]},{"@type":"BreadcrumbList","@id":"https:\/\/villa-chiara-opatija.com\/o-nama\/#breadcrumb","itemListElement":[{"@type":"ListItem","position":1,"name":"Home","item":"https:\/\/villa-chiara-opatija.com\/"},{"@type":"ListItem","position":2,"name":"O nama"}]},{"@type":"WebSite","@id":"https:\/\/villa-chiara-opatija.com\/#website","url":"https:\/\/villa-chiara-opatija.com\/","name":"Villa Chiara","description":"Apartments with swimming pool - Opatija","potentialAction":[{"@type":"SearchAction","target":{"@type":"EntryPoint","urlTemplate":"https:\/\/villa-chiara-opatija.com\/?s={search_term_string}"},"query-input":"required name=search_term_string"}],"inLanguage":"de"}]}},"_links":{"self":[{"href":"https:\/\/villa-chiara-opatija.com\/de\/wp-json\/wp\/v2\/pages\/491"}],"collection":[{"href":"https:\/\/villa-chiara-opatija.com\/de\/wp-json\/wp\/v2\/pages"}],"about":[{"href":"https:\/\/villa-chiara-opatija.com\/de\/wp-json\/wp\/v2\/types\/page"}],"author":[{"embeddable":true,"href":"https:\/\/villa-chiara-opatija.com\/de\/wp-json\/wp\/v2\/users\/1"}],"replies":[{"embeddable":true,"href":"https:\/\/villa-chiara-opatija.com\/de\/wp-json\/wp\/v2\/comments?post=491"}],"version-history":[{"count":5,"href":"https:\/\/villa-chiara-opatija.com\/de\/wp-json\/wp\/v2\/pages\/491\/revisions"}],"predecessor-version":[{"id":1648,"href":"https:\/\/villa-chiara-opatija.com\/de\/wp-json\/wp\/v2\/pages\/491\/revisions\/1648"}],"wp:attachment":[{"href":"https:\/\/villa-chiara-opatija.com\/de\/wp-json\/wp\/v2\/media?parent=491"}],"curies":[{"name":"wp","href":"https:\/\/api.w.org\/{rel}","templated":true}]}}