{"id":257,"date":"2017-11-29T14:38:03","date_gmt":"2017-11-29T14:38:03","guid":{"rendered":"http:\/\/sutanovac.com\/?page_id=257"},"modified":"2025-05-15T14:58:46","modified_gmt":"2025-05-15T14:58:46","slug":"apartmani","status":"publish","type":"page","link":"https:\/\/villa-chiara-opatija.com\/de\/apartmani\/","title":{"rendered":"Apartmani"},"content":{"rendered":"<div id=\"pl-257\"  class=\"panel-layout\" ><div id=\"pg-257-0\"  class=\"panel-grid panel-has-style\" ><div class=\"siteorigin-panels-stretch panel-row-style-full-width panel-row-style panel-row-style-for-257-0\" data-stretch-type=\"full\" ><div id=\"pgc-257-0-0\"  class=\"panel-grid-cell\" ><div id=\"panel-257-0-0-0\" class=\"so-panel widget widget_sow-editor panel-first-child panel-last-child\" data-index=\"0\" ><div\n\t\t\t\n\t\t\tclass=\"so-widget-sow-editor so-widget-sow-editor-base\"\n\t\t\t\n\t\t>\n<div class=\"siteorigin-widget-tinymce textwidget\">\n\t<h1 style=\"text-align: center;\"><span style=\"color: #ffffff;\">Unsere Apartments<\/span><\/h1>\n<\/div>\n<\/div><\/div><\/div><\/div><\/div><div id=\"pg-257-1\"  class=\"panel-grid panel-has-style\" ><div class=\"panel-row-style panel-row-style-for-257-1\" ><div id=\"pgc-257-1-0\"  class=\"panel-grid-cell\" ><div id=\"panel-257-1-0-0\" class=\"so-panel widget widget_sow-image panel-first-child\" data-index=\"1\" ><div class=\"panel-widget-style panel-widget-style-for-257-1-0-0\" ><div\n\t\t\t\n\t\t\tclass=\"so-widget-sow-image so-widget-sow-image-default-8b5b6f678277-257\"\n\t\t\t\n\t\t>\n<div class=\"sow-image-container\">\n\t\t\t<a href=\"http:\/\/villa-chiara-opatija.com\/apartman-1\/\"\n\t\t\t\t\t>\n\t\t\t<img \n\tsrc=\"https:\/\/villa-chiara-opatija.com\/wp-content\/uploads\/2025\/05\/IMG_0652.jpg\" width=\"1600\" height=\"1066\" srcset=\"https:\/\/villa-chiara-opatija.com\/wp-content\/uploads\/2025\/05\/IMG_0652.jpg 1600w, https:\/\/villa-chiara-opatija.com\/wp-content\/uploads\/2025\/05\/IMG_0652-300x200.jpg 300w, https:\/\/villa-chiara-opatija.com\/wp-content\/uploads\/2025\/05\/IMG_0652-1024x682.jpg 1024w, https:\/\/villa-chiara-opatija.com\/wp-content\/uploads\/2025\/05\/IMG_0652-768x512.jpg 768w, https:\/\/villa-chiara-opatija.com\/wp-content\/uploads\/2025\/05\/IMG_0652-1536x1023.jpg 1536w, https:\/\/villa-chiara-opatija.com\/wp-content\/uploads\/2025\/05\/IMG_0652-272x182.jpg 272w\" sizes=\"(max-width: 1600px) 100vw, 1600px\" title=\"Apartment Mascagni\" alt=\"Apartman Villa Chiara I\u010di\u0107i\" loading=\"lazy\" \t\tclass=\"so-widget-image\"\/>\n\t\t\t<\/a><\/div>\n\n<\/div><\/div><\/div><div id=\"panel-257-1-0-1\" class=\"so-panel widget widget_sow-editor panel-last-child\" data-index=\"2\" ><div class=\"panel-widget-style panel-widget-style-for-257-1-0-1\" ><div\n\t\t\t\n\t\t\tclass=\"so-widget-sow-editor so-widget-sow-editor-base\"\n\t\t\t\n\t\t>\n<div class=\"siteorigin-widget-tinymce textwidget\">\n\t<h2 style=\"text-align: center;\"><a href=\"http:\/\/villa-chiara-opatija.com\/apartman-1\/\">Apartment Mascagni<\/a><\/h2>\n<p style=\"text-align: center;\">2 Personen<br \/>K\u00fcche, Badezimmer, Terrasse<br \/>WLAN<br \/>Klimaanlage<br \/>Parkplatz<\/p>\n<\/div>\n<\/div><\/div><\/div><\/div><div id=\"pgc-257-1-1\"  class=\"panel-grid-cell\" ><div id=\"panel-257-1-1-0\" class=\"so-panel widget widget_sow-image panel-first-child\" data-index=\"3\" ><div class=\"panel-widget-style panel-widget-style-for-257-1-1-0\" ><div\n\t\t\t\n\t\t\tclass=\"so-widget-sow-image so-widget-sow-image-default-8b5b6f678277-257\"\n\t\t\t\n\t\t>\n<div class=\"sow-image-container\">\n\t\t\t<a href=\"https:\/\/villa-chiara-opatija.com\/de\/apartmani\/apartman-2\/\"\n\t\t\t\t\t>\n\t\t\t<img \n\tsrc=\"https:\/\/villa-chiara-opatija.com\/wp-content\/uploads\/2022\/07\/Villa-chiara-icici-apartment-istriana1.jpg\" width=\"1550\" height=\"1031\" srcset=\"https:\/\/villa-chiara-opatija.com\/wp-content\/uploads\/2022\/07\/Villa-chiara-icici-apartment-istriana1.jpg 1550w, https:\/\/villa-chiara-opatija.com\/wp-content\/uploads\/2022\/07\/Villa-chiara-icici-apartment-istriana1-300x200.jpg 300w, https:\/\/villa-chiara-opatija.com\/wp-content\/uploads\/2022\/07\/Villa-chiara-icici-apartment-istriana1-1024x681.jpg 1024w, https:\/\/villa-chiara-opatija.com\/wp-content\/uploads\/2022\/07\/Villa-chiara-icici-apartment-istriana1-768x511.jpg 768w, https:\/\/villa-chiara-opatija.com\/wp-content\/uploads\/2022\/07\/Villa-chiara-icici-apartment-istriana1-1536x1022.jpg 1536w, https:\/\/villa-chiara-opatija.com\/wp-content\/uploads\/2022\/07\/Villa-chiara-icici-apartment-istriana1-272x182.jpg 272w\" sizes=\"(max-width: 1550px) 100vw, 1550px\" title=\"Apartment Istriana\" alt=\"Villa-chiara-icici-apartment-istriana\" loading=\"lazy\" \t\tclass=\"so-widget-image\"\/>\n\t\t\t<\/a><\/div>\n\n<\/div><\/div><\/div><div id=\"panel-257-1-1-1\" class=\"so-panel widget widget_sow-editor panel-last-child\" data-index=\"4\" ><div class=\"panel-widget-style panel-widget-style-for-257-1-1-1\" ><div\n\t\t\t\n\t\t\tclass=\"so-widget-sow-editor so-widget-sow-editor-base\"\n\t\t\t\n\t\t>\n<div class=\"siteorigin-widget-tinymce textwidget\">\n\t<h2 style=\"text-align: center;\"><a href=\"http:\/\/villa-chiara-opatija.com\/apartmani\/apartman-2\/\">Apartment Istriana<\/a><\/h2>\n<p style=\"text-align: center;\">2+1 Personen<br \/>K\u00fcche, Badezimmer, Terrasse<br \/>WLAN<br \/>Klimaanlage<br \/>Parkplatz<\/p>\n<\/div>\n<\/div><\/div><\/div><\/div><div id=\"pgc-257-1-2\"  class=\"panel-grid-cell\" ><div id=\"panel-257-1-2-0\" class=\"so-panel widget widget_sow-image panel-first-child\" data-index=\"5\" ><div class=\"panel-widget-style panel-widget-style-for-257-1-2-0\" ><div\n\t\t\t\n\t\t\tclass=\"so-widget-sow-image so-widget-sow-image-default-8b5b6f678277-257\"\n\t\t\t\n\t\t>\n<div class=\"sow-image-container\">\n\t\t\t<a href=\"https:\/\/villa-chiara-opatija.com\/de\/apartmani\/apartman-3\/\"\n\t\t\t\t\t>\n\t\t\t<img \n\tsrc=\"https:\/\/villa-chiara-opatija.com\/wp-content\/uploads\/2021\/07\/apartment-villa-chiara-icici-opatija.jpg\" width=\"1280\" height=\"851\" srcset=\"https:\/\/villa-chiara-opatija.com\/wp-content\/uploads\/2021\/07\/apartment-villa-chiara-icici-opatija.jpg 1280w, https:\/\/villa-chiara-opatija.com\/wp-content\/uploads\/2021\/07\/apartment-villa-chiara-icici-opatija-300x199.jpg 300w, https:\/\/villa-chiara-opatija.com\/wp-content\/uploads\/2021\/07\/apartment-villa-chiara-icici-opatija-1024x681.jpg 1024w, https:\/\/villa-chiara-opatija.com\/wp-content\/uploads\/2021\/07\/apartment-villa-chiara-icici-opatija-768x511.jpg 768w, https:\/\/villa-chiara-opatija.com\/wp-content\/uploads\/2021\/07\/apartment-villa-chiara-icici-opatija-272x182.jpg 272w\" sizes=\"(max-width: 1280px) 100vw, 1280px\" title=\"Apartman Vienna\" alt=\"apartment-villa-chiara-icici-opatija\" loading=\"lazy\" \t\tclass=\"so-widget-image\"\/>\n\t\t\t<\/a><\/div>\n\n<\/div><\/div><\/div><div id=\"panel-257-1-2-1\" class=\"so-panel widget widget_sow-editor panel-last-child\" data-index=\"6\" ><div class=\"panel-widget-style panel-widget-style-for-257-1-2-1\" ><div\n\t\t\t\n\t\t\tclass=\"so-widget-sow-editor so-widget-sow-editor-base\"\n\t\t\t\n\t\t>\n<div class=\"siteorigin-widget-tinymce textwidget\">\n\t<h2 style=\"text-align: center;\"><a href=\"http:\/\/villa-chiara-opatija.com\/apartmani\/apartman-3\/\">Apartman Vienna<\/a><\/h2>\n<p style=\"text-align: center;\">2+1 Personen<br \/>K\u00fcche, Badezimmer, Terrasse<br \/>WLAN<br \/>Klimaanlage<br \/>Parkplatz<\/p>\n<\/div>\n<\/div><\/div><\/div><\/div><\/div><\/div><div id=\"pg-257-2\"  class=\"panel-grid panel-no-style\" ><div id=\"pgc-257-2-0\"  class=\"panel-grid-cell\" ><div id=\"panel-257-2-0-0\" class=\"so-panel widget widget_sow-image panel-first-child\" data-index=\"7\" ><div class=\"panel-widget-style panel-widget-style-for-257-2-0-0\" ><div\n\t\t\t\n\t\t\tclass=\"so-widget-sow-image so-widget-sow-image-default-8b5b6f678277-257\"\n\t\t\t\n\t\t>\n<div class=\"sow-image-container\">\n\t\t\t<a href=\"https:\/\/villa-chiara-opatija.com\/de\/apartmani\/apartman-4\/\"\n\t\t\t\t\t>\n\t\t\t<img \n\tsrc=\"https:\/\/villa-chiara-opatija.com\/wp-content\/uploads\/2022\/07\/apartment-moderna-opatija-icici.jpg\" width=\"1550\" height=\"1033\" srcset=\"https:\/\/villa-chiara-opatija.com\/wp-content\/uploads\/2022\/07\/apartment-moderna-opatija-icici.jpg 1550w, https:\/\/villa-chiara-opatija.com\/wp-content\/uploads\/2022\/07\/apartment-moderna-opatija-icici-300x200.jpg 300w, https:\/\/villa-chiara-opatija.com\/wp-content\/uploads\/2022\/07\/apartment-moderna-opatija-icici-1024x682.jpg 1024w, https:\/\/villa-chiara-opatija.com\/wp-content\/uploads\/2022\/07\/apartment-moderna-opatija-icici-768x512.jpg 768w, https:\/\/villa-chiara-opatija.com\/wp-content\/uploads\/2022\/07\/apartment-moderna-opatija-icici-1536x1024.jpg 1536w, https:\/\/villa-chiara-opatija.com\/wp-content\/uploads\/2022\/07\/apartment-moderna-opatija-icici-272x182.jpg 272w\" sizes=\"(max-width: 1550px) 100vw, 1550px\" title=\"Apartment Moderna\" alt=\"apartment-moderna-opatija-icici\" loading=\"lazy\" \t\tclass=\"so-widget-image\"\/>\n\t\t\t<\/a><\/div>\n\n<\/div><\/div><\/div><div id=\"panel-257-2-0-1\" class=\"so-panel widget widget_sow-editor panel-last-child\" data-index=\"8\" ><div class=\"panel-widget-style panel-widget-style-for-257-2-0-1\" ><div\n\t\t\t\n\t\t\tclass=\"so-widget-sow-editor so-widget-sow-editor-base\"\n\t\t\t\n\t\t>\n<div class=\"siteorigin-widget-tinymce textwidget\">\n\t<h2 style=\"text-align: center;\"><a href=\"http:\/\/villa-chiara-opatija.com\/apartmani\/apartman-4\/\">Apartment Moderna<\/a><\/h2>\n<p style=\"text-align: center;\">2+1 Personen<br \/>K\u00fcche, Badezimmer<br \/>WLAN<br \/>Klimaanlage<br \/>Parkplatz<\/p>\n<\/div>\n<\/div><\/div><\/div><\/div><div id=\"pgc-257-2-1\"  class=\"panel-grid-cell panel-grid-cell-mobile-last\" ><div id=\"panel-257-2-1-0\" class=\"so-panel widget widget_sow-image panel-first-child\" data-index=\"9\" ><div class=\"panel-widget-style panel-widget-style-for-257-2-1-0\" ><div\n\t\t\t\n\t\t\tclass=\"so-widget-sow-image so-widget-sow-image-default-8b5b6f678277-257\"\n\t\t\t\n\t\t>\n<div class=\"sow-image-container\">\n\t\t\t<a href=\"https:\/\/villa-chiara-opatija.com\/de\/apartmani\/apartman-5\/\"\n\t\t\t\t\t>\n\t\t\t<img \n\tsrc=\"https:\/\/villa-chiara-opatija.com\/wp-content\/uploads\/2018\/06\/apartment-in-croatia-opatija.jpg\" width=\"1280\" height=\"852\" srcset=\"https:\/\/villa-chiara-opatija.com\/wp-content\/uploads\/2018\/06\/apartment-in-croatia-opatija.jpg 1280w, https:\/\/villa-chiara-opatija.com\/wp-content\/uploads\/2018\/06\/apartment-in-croatia-opatija-300x200.jpg 300w, https:\/\/villa-chiara-opatija.com\/wp-content\/uploads\/2018\/06\/apartment-in-croatia-opatija-768x511.jpg 768w, https:\/\/villa-chiara-opatija.com\/wp-content\/uploads\/2018\/06\/apartment-in-croatia-opatija-1024x682.jpg 1024w, https:\/\/villa-chiara-opatija.com\/wp-content\/uploads\/2018\/06\/apartment-in-croatia-opatija-272x182.jpg 272w\" sizes=\"(max-width: 1280px) 100vw, 1280px\" title=\"Apartment Rustica\" alt=\"apartment-in-croatia-opatija\" loading=\"lazy\" \t\tclass=\"so-widget-image\"\/>\n\t\t\t<\/a><\/div>\n\n<\/div><\/div><\/div><div id=\"panel-257-2-1-1\" class=\"so-panel widget widget_sow-editor panel-last-child\" data-index=\"10\" ><div class=\"panel-widget-style panel-widget-style-for-257-2-1-1\" ><div\n\t\t\t\n\t\t\tclass=\"so-widget-sow-editor so-widget-sow-editor-base\"\n\t\t\t\n\t\t>\n<div class=\"siteorigin-widget-tinymce textwidget\">\n\t<h2 style=\"text-align: center;\"><a href=\"http:\/\/villa-chiara-opatija.com\/apartmani\/apartman-5\/\">Apartment Rustica<\/a><\/h2>\n<p style=\"text-align: center;\">2+1 Personen<br \/>\nK\u00fcche, Badezimmer<br \/>\nWLAN<br \/>\nKlimaanlage<br \/>\nParkplatz<\/p>\n<\/div>\n<\/div><\/div><\/div><\/div><div id=\"pgc-257-2-2\"  class=\"panel-grid-cell panel-grid-cell-empty\" ><\/div><\/div><div id=\"pg-257-3\"  class=\"panel-grid panel-has-style\" ><div class=\"siteorigin-panels-stretch panel-row-style-full-width panel-row-style panel-row-style-for-257-3\" style=\"background-color: #f2f2f2; \" data-stretch-type=\"full\" ><div id=\"pgc-257-3-0\"  class=\"panel-grid-cell\" ><div id=\"panel-257-3-0-0\" class=\"so-panel widget widget_siteorigin-panels-builder panel-first-child panel-last-child\" data-index=\"11\" ><div class=\"panel-widget-style panel-widget-style-for-257-3-0-0\" ><div id=\"pl-w5e60f0de16282\"  class=\"panel-layout\" ><div id=\"pg-w5e60f0de16282-0\"  class=\"panel-grid panel-no-style\" ><div id=\"pgc-w5e60f0de16282-0-0\"  class=\"panel-grid-cell\" ><div id=\"panel-w5e60f0de16282-0-0-0\" class=\"so-panel widget widget_sow-editor panel-first-child panel-last-child\" data-index=\"0\" ><div\n\t\t\t\n\t\t\tclass=\"so-widget-sow-editor so-widget-sow-editor-base\"\n\t\t\t\n\t\t>\n<div class=\"siteorigin-widget-tinymce textwidget\">\n\t<h2 style=\"text-align: center;\">Kontaktieren Sie uns und Reservieren Sie ihr Apartment<\/h2>\n<\/div>\n<\/div><\/div><\/div><\/div><div id=\"pg-w5e60f0de16282-1\"  class=\"panel-grid panel-no-style\" ><div id=\"pgc-w5e60f0de16282-1-0\"  class=\"panel-grid-cell\" ><div id=\"panel-w5e60f0de16282-1-0-0\" class=\"so-panel widget widget_circleicon-widget panel-first-child panel-last-child\" data-index=\"1\" ><div class=\"panel-widget-style panel-widget-style-for-w5e60f0de16282-1-0-0\" >\t\t<div class=\"circle-icon-box circle-icon-position-top circle-icon-hide-box circle-icon-size-large \">\n\t\t\t\t\t\t\t<div class=\"circle-icon-wrapper\">\n\t\t\t\t\t\t\t\t\t\t<div class=\"circle-icon icon-style-set\" style=\"background-color: #ffffff\">\n\t\t\t\t\t\t\t\t\t\t\t\t\t<div class=\"fa fa-mobile\" style=\"color: #630d17\"><\/div>\n\t\t\t\t\t\t\t\t\t\t\t<\/div> \n\t\t\t\t\t\t\t\t\t<\/div>\n\t\t\t\n\t\t\t\t\t\t\t\t\t\t<h4 >\n\t\t\t\t\t00 385 98 821 703\t\t\t\t<\/h4>\n\t\t\t\t\t\t\n\t\t\t\t\t\t\t\t<\/div>\n\t\t<\/div><\/div><\/div><div id=\"pgc-w5e60f0de16282-1-1\"  class=\"panel-grid-cell\" ><div id=\"panel-w5e60f0de16282-1-1-0\" class=\"so-panel widget widget_circleicon-widget panel-first-child panel-last-child\" data-index=\"2\" ><div class=\"panel-widget-style panel-widget-style-for-w5e60f0de16282-1-1-0\" >\t\t<div class=\"circle-icon-box circle-icon-position-top circle-icon-hide-box circle-icon-size-large \">\n\t\t\t\t\t\t\t<div class=\"circle-icon-wrapper\">\n\t\t\t\t\t\t\t\t\t\t<div class=\"circle-icon icon-style-set\" style=\"background-color: #ffffff\">\n\t\t\t\t\t\t\t\t\t\t\t\t\t<div class=\"fa fa-envelope\" style=\"color: #630d17\"><\/div>\n\t\t\t\t\t\t\t\t\t\t\t<\/div> \n\t\t\t\t\t\t\t\t\t<\/div>\n\t\t\t\n\t\t\t\t\t\t\t\t\t\t<h4 >\n\t\t\t\t\tjasminka@villa-chiara-opatija.com\t\t\t\t<\/h4>\n\t\t\t\t\t\t\n\t\t\t\t\t\t\t\t<\/div>\n\t\t<\/div><\/div><\/div><div id=\"pgc-w5e60f0de16282-1-2\"  class=\"panel-grid-cell\" ><div id=\"panel-w5e60f0de16282-1-2-0\" class=\"so-panel widget widget_circleicon-widget panel-first-child panel-last-child\" data-index=\"3\" ><div class=\"panel-widget-style panel-widget-style-for-w5e60f0de16282-1-2-0\" >\t\t<div class=\"circle-icon-box circle-icon-position-top circle-icon-hide-box circle-icon-size-large \">\n\t\t\t\t\t\t\t<div class=\"circle-icon-wrapper\">\n\t\t\t\t\t\t\t\t\t\t<div class=\"circle-icon icon-style-set\" style=\"background-color: #ffffff\">\n\t\t\t\t\t\t\t\t\t\t\t\t\t<div class=\"fa fa-location-arrow\" style=\"color: #630d17\"><\/div>\n\t\t\t\t\t\t\t\t\t\t\t<\/div> \n\t\t\t\t\t\t\t\t\t<\/div>\n\t\t\t\n\t\t\t\t\t\t\t\t\t\t<h4 >\n\t\t\t\t\tUlica 1. maja 15, 51414 I\u010di\u0107i, Croatia\t\t\t\t<\/h4>\n\t\t\t\t\t\t\n\t\t\t\t\t\t\t\t<\/div>\n\t\t<\/div><\/div><\/div><\/div><\/div><\/div><\/div><\/div><\/div><\/div><\/div>","protected":false},"excerpt":{"rendered":"<p>Unsere Apartments Apartment Mascagni 2 PersonenK\u00fcche, Badezimmer, TerrasseWLANKlimaanlageParkplatz Apartment Istriana 2+1 PersonenK\u00fcche, Badezimmer, TerrasseWLANKlimaanlageParkplatz Apartman Vienna 2+1 PersonenK\u00fcche, Badezimmer, TerrasseWLANKlimaanlageParkplatz<\/p>\n","protected":false},"author":1,"featured_media":0,"parent":0,"menu_order":0,"comment_status":"closed","ping_status":"closed","template":"templates\/template-full.php","meta":[],"yoast_head":"<!-- This site is optimized with the Yoast SEO plugin v20.10 - https:\/\/yoast.com\/wordpress\/plugins\/seo\/ -->\n<title>Apartments - Villa Chiara Opatija - I\u010di\u0107i<\/title>\n<meta name=\"description\" content=\"Die Villa Chiara ist ein Familienhaus in Icici in der N\u00e4he von Opatija. Neben angenehmen Apartments bietet die Villa Chiara ihren G\u00e4sten einen Pool, in dem sie sich entspannen und die Sonne genie\u00dfen k\u00f6nnen.\" \/>\n<meta name=\"robots\" content=\"index, follow, max-snippet:-1, max-image-preview:large, max-video-preview:-1\" \/>\n<link rel=\"canonical\" href=\"https:\/\/villa-chiara-opatija.com\/apartmani\/\" \/>\n<meta property=\"og:locale\" content=\"de_DE\" \/>\n<meta property=\"og:type\" content=\"article\" \/>\n<meta property=\"og:title\" content=\"[:hr]Apartments - Villa Chiara Opatija - I\u010di\u0107i[:]\" \/>\n<meta property=\"og:description\" content=\"{:hr}Die Villa Chiara ist ein Familienhaus in Icici in der N\u00e4he von Opatija. Neben angenehmen Apartments bietet die Villa Chiara ihren G\u00e4sten einen Pool, in dem sie sich entspannen und die Sonne genie\u00dfen k\u00f6nnen.{:}\" \/>\n<meta property=\"og:url\" content=\"https:\/\/villa-chiara-opatija.com\/apartmani\/\" \/>\n<meta property=\"og:site_name\" content=\"Villa Chiara\" \/>\n<meta property=\"article:modified_time\" content=\"2025-05-15T14:58:46+00:00\" \/>\n<meta name=\"twitter:card\" content=\"summary_large_image\" \/>\n<meta name=\"twitter:label1\" content=\"Gesch\u00e4tzte Lesezeit\" \/>\n\t<meta name=\"twitter:data1\" content=\"1\u00a0Minute\" \/>\n<script type=\"application\/ld+json\" class=\"yoast-schema-graph\">{\"@context\":\"https:\/\/schema.org\",\"@graph\":[{\"@type\":\"WebPage\",\"@id\":\"https:\/\/villa-chiara-opatija.com\/apartmani\/\",\"url\":\"https:\/\/villa-chiara-opatija.com\/apartmani\/\",\"name\":\"[:hr]Apartments - Villa Chiara Opatija - I\u010di\u0107i[:]\",\"isPartOf\":{\"@id\":\"https:\/\/villa-chiara-opatija.com\/#website\"},\"datePublished\":\"2017-11-29T14:38:03+00:00\",\"dateModified\":\"2025-05-15T14:58:46+00:00\",\"description\":\"{:hr}Die Villa Chiara ist ein Familienhaus in Icici in der N\u00e4he von Opatija. Neben angenehmen Apartments bietet die Villa Chiara ihren G\u00e4sten einen Pool, in dem sie sich entspannen und die Sonne genie\u00dfen k\u00f6nnen.{:}\",\"breadcrumb\":{\"@id\":\"https:\/\/villa-chiara-opatija.com\/apartmani\/#breadcrumb\"},\"inLanguage\":\"de\",\"potentialAction\":[{\"@type\":\"ReadAction\",\"target\":[\"https:\/\/villa-chiara-opatija.com\/apartmani\/\"]}]},{\"@type\":\"BreadcrumbList\",\"@id\":\"https:\/\/villa-chiara-opatija.com\/apartmani\/#breadcrumb\",\"itemListElement\":[{\"@type\":\"ListItem\",\"position\":1,\"name\":\"Home\",\"item\":\"https:\/\/villa-chiara-opatija.com\/\"},{\"@type\":\"ListItem\",\"position\":2,\"name\":\"Apartmani\"}]},{\"@type\":\"WebSite\",\"@id\":\"https:\/\/villa-chiara-opatija.com\/#website\",\"url\":\"https:\/\/villa-chiara-opatija.com\/\",\"name\":\"Villa Chiara\",\"description\":\"Apartments with swimming pool - Opatija\",\"potentialAction\":[{\"@type\":\"SearchAction\",\"target\":{\"@type\":\"EntryPoint\",\"urlTemplate\":\"https:\/\/villa-chiara-opatija.com\/?s={search_term_string}\"},\"query-input\":\"required name=search_term_string\"}],\"inLanguage\":\"de\"}]}<\/script>\n<!-- \/ Yoast SEO plugin. -->","yoast_head_json":{"title":"Apartments - Villa Chiara Opatija - I\u010di\u0107i","description":"Die Villa Chiara ist ein Familienhaus in Icici in der N\u00e4he von Opatija. Neben angenehmen Apartments bietet die Villa Chiara ihren G\u00e4sten einen Pool, in dem sie sich entspannen und die Sonne genie\u00dfen k\u00f6nnen.","robots":{"index":"index","follow":"follow","max-snippet":"max-snippet:-1","max-image-preview":"max-image-preview:large","max-video-preview":"max-video-preview:-1"},"canonical":"https:\/\/villa-chiara-opatija.com\/apartmani\/","og_locale":"de_DE","og_type":"article","og_title":"[:hr]Apartments - Villa Chiara Opatija - I\u010di\u0107i[:]","og_description":"{:hr}Die Villa Chiara ist ein Familienhaus in Icici in der N\u00e4he von Opatija. Neben angenehmen Apartments bietet die Villa Chiara ihren G\u00e4sten einen Pool, in dem sie sich entspannen und die Sonne genie\u00dfen k\u00f6nnen.{:}","og_url":"https:\/\/villa-chiara-opatija.com\/apartmani\/","og_site_name":"Villa Chiara","article_modified_time":"2025-05-15T14:58:46+00:00","twitter_card":"summary_large_image","twitter_misc":{"Gesch\u00e4tzte Lesezeit":"1\u00a0Minute"},"schema":{"@context":"https:\/\/schema.org","@graph":[{"@type":"WebPage","@id":"https:\/\/villa-chiara-opatija.com\/apartmani\/","url":"https:\/\/villa-chiara-opatija.com\/apartmani\/","name":"[:hr]Apartments - Villa Chiara Opatija - I\u010di\u0107i[:]","isPartOf":{"@id":"https:\/\/villa-chiara-opatija.com\/#website"},"datePublished":"2017-11-29T14:38:03+00:00","dateModified":"2025-05-15T14:58:46+00:00","description":"{:hr}Die Villa Chiara ist ein Familienhaus in Icici in der N\u00e4he von Opatija. Neben angenehmen Apartments bietet die Villa Chiara ihren G\u00e4sten einen Pool, in dem sie sich entspannen und die Sonne genie\u00dfen k\u00f6nnen.{:}","breadcrumb":{"@id":"https:\/\/villa-chiara-opatija.com\/apartmani\/#breadcrumb"},"inLanguage":"de","potentialAction":[{"@type":"ReadAction","target":["https:\/\/villa-chiara-opatija.com\/apartmani\/"]}]},{"@type":"BreadcrumbList","@id":"https:\/\/villa-chiara-opatija.com\/apartmani\/#breadcrumb","itemListElement":[{"@type":"ListItem","position":1,"name":"Home","item":"https:\/\/villa-chiara-opatija.com\/"},{"@type":"ListItem","position":2,"name":"Apartmani"}]},{"@type":"WebSite","@id":"https:\/\/villa-chiara-opatija.com\/#website","url":"https:\/\/villa-chiara-opatija.com\/","name":"Villa Chiara","description":"Apartments with swimming pool - Opatija","potentialAction":[{"@type":"SearchAction","target":{"@type":"EntryPoint","urlTemplate":"https:\/\/villa-chiara-opatija.com\/?s={search_term_string}"},"query-input":"required name=search_term_string"}],"inLanguage":"de"}]}},"_links":{"self":[{"href":"https:\/\/villa-chiara-opatija.com\/de\/wp-json\/wp\/v2\/pages\/257"}],"collection":[{"href":"https:\/\/villa-chiara-opatija.com\/de\/wp-json\/wp\/v2\/pages"}],"about":[{"href":"https:\/\/villa-chiara-opatija.com\/de\/wp-json\/wp\/v2\/types\/page"}],"author":[{"embeddable":true,"href":"https:\/\/villa-chiara-opatija.com\/de\/wp-json\/wp\/v2\/users\/1"}],"replies":[{"embeddable":true,"href":"https:\/\/villa-chiara-opatija.com\/de\/wp-json\/wp\/v2\/comments?post=257"}],"version-history":[{"count":5,"href":"https:\/\/villa-chiara-opatija.com\/de\/wp-json\/wp\/v2\/pages\/257\/revisions"}],"predecessor-version":[{"id":2144,"href":"https:\/\/villa-chiara-opatija.com\/de\/wp-json\/wp\/v2\/pages\/257\/revisions\/2144"}],"wp:attachment":[{"href":"https:\/\/villa-chiara-opatija.com\/de\/wp-json\/wp\/v2\/media?parent=257"}],"curies":[{"name":"wp","href":"https:\/\/api.w.org\/{rel}","templated":true}]}}